{"id":303979,"date":"2023-10-27T09:20:26","date_gmt":"2023-10-27T09:20:26","guid":{"rendered":"https:\/\/www.westspecialfasteners.co.uk\/contacto\/"},"modified":"2025-07-28T11:37:02","modified_gmt":"2025-07-28T11:37:02","slug":"contacto","status":"publish","type":"page","link":"https:\/\/www.westspecialfasteners.co.uk\/es\/contacto\/","title":{"rendered":"Contacto"},"content":{"rendered":"<p>[et_pb_section fb_built=\u00bb1&#8243; custom_padding_last_edited=\u00bbon|phone\u00bb _builder_version=\u00bb4.23&#8243; _module_preset=\u00bbdefault\u00bb background_color=\u00bb#A4A5A7&#8243; background_enable_mask_style=\u00bbon\u00bb background_mask_style=\u00bbdiagonal-bars\u00bb background_mask_color=\u00bb#403F3D\u00bb background_mask_transform=\u00bbflip_vertical\u00bb custom_padding_tablet=\u00bb10%||10%||true|false\u00bb custom_padding_phone=\u00bb20%||20%||true|false\u00bb background_last_edited=\u00bbon|desktop\u00bb background_mask_aspect_ratio_phone=\u00bbportrait\u00bb background_mask_size_phone=\u00bbcover\u00bb global_colors_info=\u00bb{}\u00bb][et_pb_row column_structure=\u00bb1_2,1_2&#8243; make_equal=\u00bbon\u00bb _builder_version=\u00bb4.22.2&#8243; _module_preset=\u00bbdefault\u00bb width_tablet=\u00bb\u00bb width_phone=\u00bb90%\u00bb width_last_edited=\u00bbon|phone\u00bb max_width=\u00bb90%\u00bb global_colors_info=\u00bb{}\u00bb][et_pb_column type=\u00bb1_2&#8243; _builder_version=\u00bb4.22.2&#8243; _module_preset=\u00bbdefault\u00bb custom_css_main_element=\u00bbmargin:auto\u00bb global_colors_info=\u00bb{}\u00bb][et_pb_text _builder_version=\u00bb4.23&#8243; _module_preset=\u00bbdefault\u00bb text_font=\u00bbNoto Sans|500|||||||\u00bb text_text_color=\u00bb#ffffff\u00bb text_font_size=\u00bb28px\u00bb text_letter_spacing=\u00bb0.5px\u00bb text_line_height=\u00bb1.1em\u00bb header_font=\u00bbNoto Sans|900|||||||\u00bb header_text_color=\u00bb#ffffff\u00bb header_font_size=\u00bb4.8vw\u00bb header_letter_spacing=\u00bb1px\u00bb header_line_height=\u00bb1.2em\u00bb text_font_size_tablet=\u00bb18px\u00bb text_font_size_phone=\u00bb15px\u00bb text_font_size_last_edited=\u00bbon|tablet\u00bb header_font_size_tablet=\u00bb6.5vw\u00bb header_font_size_phone=\u00bb14vw\u00bb header_font_size_last_edited=\u00bbon|tablet\u00bb global_colors_info=\u00bb{}\u00bb]<\/p>\n<h1>Cont\u00e1ctenos<\/h1>\n<p>[\/et_pb_text][\/et_pb_column][et_pb_column type=\u00bb1_2&#8243; disabled_on=\u00bbon|on|off\u00bb _builder_version=\u00bb4.22.2&#8243; _module_preset=\u00bbdefault\u00bb global_colors_info=\u00bb{}\u00bb][\/et_pb_column][\/et_pb_row][\/et_pb_section][et_pb_section fb_built=\u00bb1&#8243; admin_label=\u00bbHeader &#038; Contact Info\u00bb _builder_version=\u00bb4.22.2&#8243; _module_preset=\u00bbdefault\u00bb overflow-x=\u00bbhidden\u00bb overflow-y=\u00bbhidden\u00bb custom_padding=\u00bb6%||7%||false|false\u00bb collapsed=\u00bbon\u00bb global_colors_info=\u00bb{}\u00bb][et_pb_row _builder_version=\u00bb4.22.1&#8243; _module_preset=\u00bbdefault\u00bb width_tablet=\u00bb\u00bb width_phone=\u00bb90%\u00bb width_last_edited=\u00bbon|phone\u00bb max_width=\u00bb90%\u00bb custom_padding=\u00bb||0px|||\u00bb global_colors_info=\u00bb{}\u00bb][et_pb_column type=\u00bb4_4&#8243; _builder_version=\u00bb4.22.0&#8243; _module_preset=\u00bbdefault\u00bb global_colors_info=\u00bb{}\u00bb][et_pb_text _builder_version=\u00bb4.22.1&#8243; _module_preset=\u00bbdefault\u00bb text_font=\u00bbNoto Sans|700|||||||\u00bb text_text_color=\u00bb#1d869b\u00bb text_font_size=\u00bb22px\u00bb custom_margin=\u00bb||1%||false|false\u00bb text_font_size_tablet=\u00bb20px\u00bb text_font_size_phone=\u00bb15px\u00bb text_font_size_last_edited=\u00bbon|phone\u00bb global_colors_info=\u00bb{}\u00bb]<\/p>\n<p>CONT\u00c1CTENOS<\/p>\n<p>[\/et_pb_text][et_pb_text _builder_version=\u00bb4.22.1&#8243; _module_preset=\u00bbdefault\u00bb header_2_font=\u00bbNoto Sans|800|||||||\u00bb header_2_text_color=\u00bb#282828&#8243; header_2_font_size=\u00bb40px\u00bb header_2_line_height=\u00bb1.3em\u00bb custom_margin=\u00bb||0px||false|false\u00bb custom_padding=\u00bb||2%||false|false\u00bb header_2_font_size_tablet=\u00bb30px\u00bb header_2_font_size_phone=\u00bb30px\u00bb header_2_font_size_last_edited=\u00bbon|desktop\u00bb global_colors_info=\u00bb{}\u00bb]<\/p>\n<h2>Hable con un experto<\/h2>\n<p>[\/et_pb_text][et_pb_text _builder_version=\u00bb4.22.2&#8243; _module_preset=\u00bbbbb04709-5563-4ce6-8276-b5a41ea2add9&#8243; text_font=\u00bbNoto Sans||||||||\u00bb text_text_color=\u00bb#282828&#8243; custom_padding=\u00bb||5%||false|false\u00bb global_colors_info=\u00bb{}\u00bb]<\/p>\n<p>Tanto si tiene una pregunta, quiere explorar posibilidades de colaboraci\u00f3n o necesita asesoramiento experto, estamos aqu\u00ed para ayudarle.<\/p>\n<p>[\/et_pb_text][\/et_pb_column][\/et_pb_row][et_pb_row column_structure=\u00bb1_3,1_3,1_3&#8243; _builder_version=\u00bb4.23&#8243; _module_preset=\u00bbdefault\u00bb background_enable_color=\u00bboff\u00bb width_tablet=\u00bb\u00bb width_phone=\u00bb90%\u00bb width_last_edited=\u00bbon|phone\u00bb max_width=\u00bb90%\u00bb custom_padding=\u00bb2%||4%||false|false\u00bb global_colors_info=\u00bb{}\u00bb][et_pb_column type=\u00bb1_3&#8243; _builder_version=\u00bb4.22.0&#8243; _module_preset=\u00bbdefault\u00bb global_colors_info=\u00bb{}\u00bb][et_pb_blurb title=\u00bbTel\u00e9fono\u00bb use_icon=\u00bbon\u00bb font_icon=\u00bb&#xe090;||divi||400&#8243; icon_color=\u00bb#282828&#8243; _builder_version=\u00bb4.27.0&#8243; _module_preset=\u00bbe5fd030c-faf6-46d1-8682-cc8dd23c216e\u00bb header_font=\u00bbNoto Sans|600|||||||\u00bb header_text_color=\u00bb#282828&#8243; body_font=\u00bbNoto Sans|600|||||||\u00bb body_text_color=\u00bb#282828&#8243; body_link_text_color=\u00bb#282828&#8243; header_font_size_phone=\u00bb20px\u00bb body_font_size_phone=\u00bb16px\u00bb locked=\u00bboff\u00bb global_colors_info=\u00bb{%22gcid-650921a2-2eba-4283-a6e6-fb2ffa7ca9ad%22:%91%22icon_color%22%93,%22gcid-08cf39a0-13ea-4dd3-8e9f-f417cc84cbec%22:%91%22body_link_text_color%22%93}\u00bb]<\/p>\n<p><a data-dtype=\"d3ph\" data-local-attribute=\"d3ph\" jscontroller=\"LWZElb\" href=\"tel:01246291111\" jsdata=\"QKGTRc;_;ASSnmM\" jsaction=\"rcuQ6b:npT2md;F75qrd\" data-ved=\"2ahUKEwi5oZaBx96BAxV4SkEAHTm8DmgQkAgoAHoECEgQAw\"><span aria-label=\"Call phone number 01246 291111\">01246 291 111<\/span><\/a><\/p>\n<p>[\/et_pb_blurb][\/et_pb_column][et_pb_column type=\u00bb1_3&#8243; _builder_version=\u00bb4.22.0&#8243; _module_preset=\u00bbdefault\u00bb global_colors_info=\u00bb{}\u00bb][et_pb_blurb title=\u00bbCorreo electr\u00f3nico\u00bb use_icon=\u00bbon\u00bb font_icon=\u00bb&#xe076;||divi||400&#8243; icon_color=\u00bb#282828&#8243; _builder_version=\u00bb4.22.2&#8243; _module_preset=\u00bbe5fd030c-faf6-46d1-8682-cc8dd23c216e\u00bb header_font=\u00bbNoto Sans|600|||||||\u00bb header_text_color=\u00bb#282828&#8243; body_font=\u00bbNoto Sans|600|||||||\u00bb body_text_color=\u00bb#282828&#8243; body_link_text_color=\u00bb#282828&#8243; header_font_size_phone=\u00bb20px\u00bb body_font_size_phone=\u00bb16px\u00bb locked=\u00bboff\u00bb global_colors_info=\u00bb{%22gcid-650921a2-2eba-4283-a6e6-fb2ffa7ca9ad%22:%91%22icon_color%22,%22icon_color%22,%22icon_color%22%93,%22gcid-08cf39a0-13ea-4dd3-8e9f-f417cc84cbec%22:%91%22body_link_text_color%22,%22body_link_text_color%22,%22body_link_text_color%22%93}\u00bb]<\/p>\n<p><a href=\"mailto:sales@westspecialfasteners.co.uk\">sales@westspecialfasteners.co.uk<\/a><\/p>\n<p>[\/et_pb_blurb][\/et_pb_column][et_pb_column type=\u00bb1_3&#8243; _builder_version=\u00bb4.22.0&#8243; _module_preset=\u00bbdefault\u00bb global_colors_info=\u00bb{}\u00bb][et_pb_blurb title=\u00bbUbicaci\u00f3n\u00bb use_icon=\u00bbon\u00bb font_icon=\u00bb&#xf59f;||fa||900&#8243; icon_color=\u00bb#282828&#8243; _builder_version=\u00bb4.22.2&#8243; _module_preset=\u00bbe5fd030c-faf6-46d1-8682-cc8dd23c216e\u00bb header_font=\u00bbNoto Sans|600|||||||\u00bb header_text_color=\u00bb#282828&#8243; body_font=\u00bbNoto Sans|600|||||||\u00bb body_text_color=\u00bb#282828&#8243; body_link_text_color=\u00bb#282828&#8243; header_font_size_phone=\u00bb20px\u00bb body_font_size_phone=\u00bb16px\u00bb locked=\u00bboff\u00bb global_colors_info=\u00bb{%22gcid-650921a2-2eba-4283-a6e6-fb2ffa7ca9ad%22:%91%22icon_color%22,%22icon_color%22,%22icon_color%22%93,%22gcid-08cf39a0-13ea-4dd3-8e9f-f417cc84cbec%22:%91%22body_link_text_color%22,%22body_link_text_color%22,%22body_link_text_color%22%93}\u00bb]<\/p>\n<p><span>Callywhite Ln, <\/span><span>Dronfield, S18 2XR<br \/><\/span>\/\/\/blues.trains.soup<\/p>\n<p>[\/et_pb_blurb][\/et_pb_column][\/et_pb_row][et_pb_row _builder_version=\u00bb4.22.2&#8243; _module_preset=\u00bbdefault\u00bb width_tablet=\u00bb\u00bb width_phone=\u00bb90%\u00bb width_last_edited=\u00bbon|phone\u00bb max_width=\u00bb90%\u00bb custom_padding=\u00bb0px|||||\u00bb global_colors_info=\u00bb{}\u00bb][et_pb_column type=\u00bb4_4&#8243; _builder_version=\u00bb4.22.0&#8243; _module_preset=\u00bbdefault\u00bb global_colors_info=\u00bb{}\u00bb][et_pb_contact_form use_spam_service=\u00bbon\u00bb recaptcha_list=\u00bbWest Special Fasteners|West Special Fasteners-0&#8243; email=\u00bbsimon.gs@westspecialfasteners.co.uk, sales@westspecialfasteners.co.uk\u00bb custom_message=\u00bbNuevo mensaje del formulario de contacto del sitio web:||et_pb_line_break_holder||||et_pb_line_break_holder||Nombre: %%Name%%||et_pb_line_break_holder||Direcci\u00f3n de correo electr\u00f3nico: %%Email%%||et_pb_line_break_holder||||et_pb_line_break_holder||Mensaje: %%Message%%\u00bb use_redirect=\u00bbon\u00bb _builder_version=\u00bb4.27.4&#8243; _module_preset=\u00bbae00b055-5f62-4949-9605-ae9c23feefa6&#8243; form_field_focus_text_color=\u00bb#282828&#8243; form_field_font=\u00bbNoto Sans||||||||\u00bb button_text_size=\u00bb20px\u00bb button_text_color=\u00bb#ffffff\u00bb button_bg_color=\u00bb#1D869B\u00bb button_border_width=\u00bb2px\u00bb button_border_color=\u00bb#1D869B\u00bb button_border_radius=\u00bb5px\u00bb button_letter_spacing=\u00bb0em\u00bb button_font=\u00bbNoto Sans|600|||||||\u00bb button_icon=\u00bb&#x24;||divi||400&#8243; button_on_hover=\u00bboff\u00bb button_custom_padding=\u00bb10px||10px||true|true\u00bb hover_enabled=\u00bb0&#8243; locked=\u00bboff\u00bb global_colors_info=\u00bb{%22gcid-650921a2-2eba-4283-a6e6-fb2ffa7ca9ad%22:%91%22button_bg_color%22%93}\u00bb button_text_color__hover=\u00bb#1D869B\u00bb button_text_color__hover_enabled=\u00bbon|hover\u00bb button_bg_color__hover=\u00bbRGBA(255,255,255,0)\u00bb button_bg_color__hover_enabled=\u00bbon|hover\u00bb button_border_color__hover_enabled=\u00bboff|desktop\u00bb success_message=\u00bb&lt;p&gt;\u00a1Gracias! Nuestro equipo de expertos se pondr\u00e1 en contacto con usted lo antes posible. &lt;\/p&gt;\u00bb sticky_enabled=\u00bb0&#8243;][et_pb_contact_field field_id=\u00bbName\u00bb field_title=\u00bbNombre\u00bb fullwidth_field=\u00bbon\u00bb _builder_version=\u00bb4.22.2&#8243; _module_preset=\u00bbdefault\u00bb global_colors_info=\u00bb{}\u00bb button_text_size__hover_enabled=\u00bboff\u00bb button_one_text_size__hover_enabled=\u00bboff\u00bb button_two_text_size__hover_enabled=\u00bboff\u00bb button_text_color__hover_enabled=\u00bboff\u00bb button_one_text_color__hover_enabled=\u00bboff\u00bb button_two_text_color__hover_enabled=\u00bboff\u00bb button_border_width__hover_enabled=\u00bboff\u00bb button_one_border_width__hover_enabled=\u00bboff\u00bb button_two_border_width__hover_enabled=\u00bboff\u00bb button_border_color__hover_enabled=\u00bboff\u00bb button_one_border_color__hover_enabled=\u00bboff\u00bb button_two_border_color__hover_enabled=\u00bboff\u00bb button_border_radius__hover_enabled=\u00bboff\u00bb button_one_border_radius__hover_enabled=\u00bboff\u00bb button_two_border_radius__hover_enabled=\u00bboff\u00bb button_letter_spacing__hover_enabled=\u00bboff\u00bb button_one_letter_spacing__hover_enabled=\u00bboff\u00bb button_two_letter_spacing__hover_enabled=\u00bboff\u00bb button_bg_color__hover_enabled=\u00bboff\u00bb button_one_bg_color__hover_enabled=\u00bboff\u00bb button_two_bg_color__hover_enabled=\u00bboff\u00bb][\/et_pb_contact_field][et_pb_contact_field field_id=\u00bbEmail\u00bb field_title=\u00bbDirecci\u00f3n de correo electr\u00f3nico\u00bb field_type=\u00bbemail\u00bb fullwidth_field=\u00bbon\u00bb _builder_version=\u00bb4.16&#8243; _module_preset=\u00bbdefault\u00bb global_colors_info=\u00bb{}\u00bb button_text_size__hover_enabled=\u00bboff\u00bb button_one_text_size__hover_enabled=\u00bboff\u00bb button_two_text_size__hover_enabled=\u00bboff\u00bb button_text_color__hover_enabled=\u00bboff\u00bb button_one_text_color__hover_enabled=\u00bboff\u00bb button_two_text_color__hover_enabled=\u00bboff\u00bb button_border_width__hover_enabled=\u00bboff\u00bb button_one_border_width__hover_enabled=\u00bboff\u00bb button_two_border_width__hover_enabled=\u00bboff\u00bb button_border_color__hover_enabled=\u00bboff\u00bb button_one_border_color__hover_enabled=\u00bboff\u00bb button_two_border_color__hover_enabled=\u00bboff\u00bb button_border_radius__hover_enabled=\u00bboff\u00bb button_one_border_radius__hover_enabled=\u00bboff\u00bb button_two_border_radius__hover_enabled=\u00bboff\u00bb button_letter_spacing__hover_enabled=\u00bboff\u00bb button_one_letter_spacing__hover_enabled=\u00bboff\u00bb button_two_letter_spacing__hover_enabled=\u00bboff\u00bb button_bg_color__hover_enabled=\u00bboff\u00bb button_one_bg_color__hover_enabled=\u00bboff\u00bb button_two_bg_color__hover_enabled=\u00bboff\u00bb][\/et_pb_contact_field][et_pb_contact_field field_id=\u00bbPhone_number\u00bb field_title=\u00bbN\u00famero de tel\u00e9fono\u00bb min_length=\u00bb11&#8243; max_length=\u00bb15&#8243; allowed_symbols=\u00bbnumbers\u00bb required_mark=\u00bboff\u00bb fullwidth_field=\u00bbon\u00bb _builder_version=\u00bb4.27.0&#8243; _module_preset=\u00bbdefault\u00bb global_colors_info=\u00bb{}\u00bb][\/et_pb_contact_field][et_pb_contact_field field_id=\u00bbMessage\u00bb field_title=\u00bbMensaje\u00bb field_type=\u00bbtext\u00bb fullwidth_field=\u00bbon\u00bb _builder_version=\u00bb4.16&#8243; _module_preset=\u00bbdefault\u00bb global_colors_info=\u00bb{}\u00bb button_text_size__hover_enabled=\u00bboff\u00bb button_one_text_size__hover_enabled=\u00bboff\u00bb button_two_text_size__hover_enabled=\u00bboff\u00bb button_text_color__hover_enabled=\u00bboff\u00bb button_one_text_color__hover_enabled=\u00bboff\u00bb button_two_text_color__hover_enabled=\u00bboff\u00bb button_border_width__hover_enabled=\u00bboff\u00bb button_one_border_width__hover_enabled=\u00bboff\u00bb button_two_border_width__hover_enabled=\u00bboff\u00bb button_border_color__hover_enabled=\u00bboff\u00bb button_one_border_color__hover_enabled=\u00bboff\u00bb button_two_border_color__hover_enabled=\u00bboff\u00bb button_border_radius__hover_enabled=\u00bboff\u00bb button_one_border_radius__hover_enabled=\u00bboff\u00bb button_two_border_radius__hover_enabled=\u00bboff\u00bb button_letter_spacing__hover_enabled=\u00bboff\u00bb button_one_letter_spacing__hover_enabled=\u00bboff\u00bb button_two_letter_spacing__hover_enabled=\u00bboff\u00bb button_bg_color__hover_enabled=\u00bboff\u00bb button_one_bg_color__hover_enabled=\u00bboff\u00bb button_two_bg_color__hover_enabled=\u00bboff\u00bb][\/et_pb_contact_field][\/et_pb_contact_form][\/et_pb_column][\/et_pb_row][et_pb_row _builder_version=\u00bb4.23&#8243; _module_preset=\u00bbdefault\u00bb width_tablet=\u00bb\u00bb width_phone=\u00bb90%\u00bb width_last_edited=\u00bbon|phone\u00bb max_width=\u00bb90%\u00bb custom_padding=\u00bb10%||5%||false|false\u00bb global_colors_info=\u00bb{}\u00bb][et_pb_column type=\u00bb4_4&#8243; _builder_version=\u00bb4.22.0&#8243; _module_preset=\u00bbdefault\u00bb global_colors_info=\u00bb{}\u00bb][et_pb_code _builder_version=\u00bb4.23&#8243; _module_preset=\u00bbdefault\u00bb global_colors_info=\u00bb{}\u00bb]<iframe data-src=\"https:\/\/www.google.com\/maps\/embed?pb=!1m18!1m12!1m3!1d2384.4870864624822!2d-1.4605808233077984!3d53.29872247227547!2m3!1f0!2f0!3f0!3m2!1i1024!2i768!4f13.1!3m3!1m2!1s0x48798363e13a235f%3A0x17f6b5e5c6490c4a!2sWest%20Special%20Fasteners%20Limited!5e0!3m2!1sen!2suk!4v1694167023692!5m2!1sen!2suk\" width=\"2000\" height=\"350\" style=\"border:0;\" allowfullscreen=\"\" referrerpolicy=\"no-referrer-when-downgrade\" src=\"data:image\/svg+xml;base64,PHN2ZyB3aWR0aD0iMSIgaGVpZ2h0PSIxIiB4bWxucz0iaHR0cDovL3d3dy53My5vcmcvMjAwMC9zdmciPjwvc3ZnPg==\" class=\"lazyload\" data-load-mode=\"1\"><\/iframe>[\/et_pb_code][\/et_pb_column][\/et_pb_row][\/et_pb_section]<\/p>\n","protected":false},"excerpt":{"rendered":"<p>Cont\u00e1ctenosCONT\u00c1CTENOSHable con un expertoTanto si tiene una pregunta, quiere explorar posibilidades de colaboraci\u00f3n o necesita asesoramiento experto, estamos aqu\u00ed para ayudarle.01246 291 111sales@westspecialfasteners.co.ukCallywhite Ln, Dronfield, S18 2XR\/\/\/blues.trains.soup<\/p>\n","protected":false},"author":1,"featured_media":0,"parent":0,"menu_order":0,"comment_status":"closed","ping_status":"closed","template":"","meta":{"_et_pb_use_builder":"on","_et_pb_old_content":"","_et_gb_content_width":"","footnotes":""},"class_list":["post-303979","page","type-page","status-publish","hentry"],"_links":{"self":[{"href":"https:\/\/www.westspecialfasteners.co.uk\/es\/wp-json\/wp\/v2\/pages\/303979","targetHints":{"allow":["GET"]}}],"collection":[{"href":"https:\/\/www.westspecialfasteners.co.uk\/es\/wp-json\/wp\/v2\/pages"}],"about":[{"href":"https:\/\/www.westspecialfasteners.co.uk\/es\/wp-json\/wp\/v2\/types\/page"}],"author":[{"embeddable":true,"href":"https:\/\/www.westspecialfasteners.co.uk\/es\/wp-json\/wp\/v2\/users\/1"}],"replies":[{"embeddable":true,"href":"https:\/\/www.westspecialfasteners.co.uk\/es\/wp-json\/wp\/v2\/comments?post=303979"}],"version-history":[{"count":4,"href":"https:\/\/www.westspecialfasteners.co.uk\/es\/wp-json\/wp\/v2\/pages\/303979\/revisions"}],"predecessor-version":[{"id":303985,"href":"https:\/\/www.westspecialfasteners.co.uk\/es\/wp-json\/wp\/v2\/pages\/303979\/revisions\/303985"}],"wp:attachment":[{"href":"https:\/\/www.westspecialfasteners.co.uk\/es\/wp-json\/wp\/v2\/media?parent=303979"}],"curies":[{"name":"wp","href":"https:\/\/api.w.org\/{rel}","templated":true}]}}