{"id":303990,"date":"2023-10-27T09:20:26","date_gmt":"2023-10-27T09:20:26","guid":{"rendered":"https:\/\/www.westspecialfasteners.co.uk\/kontakt\/"},"modified":"2025-07-28T11:37:13","modified_gmt":"2025-07-28T11:37:13","slug":"kontakt","status":"publish","type":"page","link":"https:\/\/www.westspecialfasteners.co.uk\/de\/kontakt\/","title":{"rendered":"Kontakt"},"content":{"rendered":"<p>[et_pb_section fb_built=&#8220;1&#8243; custom_padding_last_edited=&#8220;on|phone&#8220; _builder_version=&#8220;4.23&#8243; _module_preset=&#8220;default&#8220; background_color=&#8220;#A4A5A7&#8243; background_enable_mask_style=&#8220;on&#8220; background_mask_style=&#8220;diagonal-bars&#8220; background_mask_color=&#8220;#403F3D&#8220; background_mask_transform=&#8220;flip_vertical&#8220; custom_padding_tablet=&#8220;10%||10%||true|false&#8220; custom_padding_phone=&#8220;20%||20%||true|false&#8220; background_last_edited=&#8220;on|desktop&#8220; background_mask_aspect_ratio_phone=&#8220;portrait&#8220; background_mask_size_phone=&#8220;cover&#8220; global_colors_info=&#8220;{}&#8220;][et_pb_row column_structure=&#8220;1_2,1_2&#8243; make_equal=&#8220;on&#8220; _builder_version=&#8220;4.22.2&#8243; _module_preset=&#8220;default&#8220; width_tablet=&#8220;&#8220; width_phone=&#8220;90%&#8220; width_last_edited=&#8220;on|phone&#8220; max_width=&#8220;90%&#8220; global_colors_info=&#8220;{}&#8220;][et_pb_column type=&#8220;1_2&#8243; _builder_version=&#8220;4.22.2&#8243; _module_preset=&#8220;default&#8220; custom_css_main_element=&#8220;margin:auto&#8220; global_colors_info=&#8220;{}&#8220;][et_pb_text _builder_version=&#8220;4.23&#8243; _module_preset=&#8220;default&#8220; text_font=&#8220;Noto Sans|500|||||||&#8220; text_text_color=&#8220;#ffffff&#8220; text_font_size=&#8220;28px&#8220; text_letter_spacing=&#8220;0.5px&#8220; text_line_height=&#8220;1.1em&#8220; header_font=&#8220;Noto Sans|900|||||||&#8220; header_text_color=&#8220;#ffffff&#8220; header_font_size=&#8220;4.8vw&#8220; header_letter_spacing=&#8220;1px&#8220; header_line_height=&#8220;1.2em&#8220; text_font_size_tablet=&#8220;18px&#8220; text_font_size_phone=&#8220;15px&#8220; text_font_size_last_edited=&#8220;on|tablet&#8220; header_font_size_tablet=&#8220;6.5vw&#8220; header_font_size_phone=&#8220;14vw&#8220; header_font_size_last_edited=&#8220;on|tablet&#8220; global_colors_info=&#8220;{}&#8220;]<\/p>\n<h1>Kontaktieren Sie uns<\/h1>\n<p>[\/et_pb_text][\/et_pb_column][et_pb_column type=&#8220;1_2&#8243; disabled_on=&#8220;on|on|off&#8220; _builder_version=&#8220;4.22.2&#8243; _module_preset=&#8220;default&#8220; global_colors_info=&#8220;{}&#8220;][\/et_pb_column][\/et_pb_row][\/et_pb_section][et_pb_section fb_built=&#8220;1&#8243; admin_label=&#8220;Header &#038; Contact Info&#8220; _builder_version=&#8220;4.22.2&#8243; _module_preset=&#8220;default&#8220; overflow-x=&#8220;hidden&#8220; overflow-y=&#8220;hidden&#8220; custom_padding=&#8220;6%||7%||false|false&#8220; collapsed=&#8220;on&#8220; global_colors_info=&#8220;{}&#8220;][et_pb_row _builder_version=&#8220;4.22.1&#8243; _module_preset=&#8220;default&#8220; width_tablet=&#8220;&#8220; width_phone=&#8220;90%&#8220; width_last_edited=&#8220;on|phone&#8220; max_width=&#8220;90%&#8220; custom_padding=&#8220;||0px|||&#8220; global_colors_info=&#8220;{}&#8220;][et_pb_column type=&#8220;4_4&#8243; _builder_version=&#8220;4.22.0&#8243; _module_preset=&#8220;default&#8220; global_colors_info=&#8220;{}&#8220;][et_pb_text _builder_version=&#8220;4.22.1&#8243; _module_preset=&#8220;default&#8220; text_font=&#8220;Noto Sans|700|||||||&#8220; text_text_color=&#8220;#1d869b&#8220; text_font_size=&#8220;22px&#8220; custom_margin=&#8220;||1%||false|false&#8220; text_font_size_tablet=&#8220;20px&#8220; text_font_size_phone=&#8220;15px&#8220; text_font_size_last_edited=&#8220;on|phone&#8220; global_colors_info=&#8220;{}&#8220;]<\/p>\n<p>KONTAKTIEREN SIE UNS<\/p>\n<p>[\/et_pb_text][et_pb_text _builder_version=&#8220;4.22.1&#8243; _module_preset=&#8220;default&#8220; header_2_font=&#8220;Noto Sans|800|||||||&#8220; header_2_text_color=&#8220;#282828&#8243; header_2_font_size=&#8220;40px&#8220; header_2_line_height=&#8220;1.3em&#8220; custom_margin=&#8220;||0px||false|false&#8220; custom_padding=&#8220;||2%||false|false&#8220; header_2_font_size_tablet=&#8220;30px&#8220; header_2_font_size_phone=&#8220;30px&#8220; header_2_font_size_last_edited=&#8220;on|desktop&#8220; global_colors_info=&#8220;{}&#8220;]<\/p>\n<h2>Sprechen Sie mit einem Experten<\/h2>\n<p>[\/et_pb_text][et_pb_text _builder_version=&#8220;4.22.2&#8243; _module_preset=&#8220;bbb04709-5563-4ce6-8276-b5a41ea2add9&#8243; text_font=&#8220;Noto Sans||||||||&#8220; text_text_color=&#8220;#282828&#8243; custom_padding=&#8220;||5%||false|false&#8220; global_colors_info=&#8220;{}&#8220;]<\/p>\n<p>Ob Sie eine Frage haben, Kooperationsm\u00f6glichkeiten ausloten oder eine fachkundige Beratung ben\u00f6tigen, wir sind f\u00fcr Sie da.<\/p>\n<p>[\/et_pb_text][\/et_pb_column][\/et_pb_row][et_pb_row column_structure=&#8220;1_3,1_3,1_3&#8243; _builder_version=&#8220;4.23&#8243; _module_preset=&#8220;default&#8220; background_enable_color=&#8220;off&#8220; width_tablet=&#8220;&#8220; width_phone=&#8220;90%&#8220; width_last_edited=&#8220;on|phone&#8220; max_width=&#8220;90%&#8220; custom_padding=&#8220;2%||4%||false|false&#8220; global_colors_info=&#8220;{}&#8220;][et_pb_column type=&#8220;1_3&#8243; _builder_version=&#8220;4.22.0&#8243; _module_preset=&#8220;default&#8220; global_colors_info=&#8220;{}&#8220;][et_pb_blurb title=&#8220;Telefon&#8220; use_icon=&#8220;on&#8220; font_icon=&#8220;&#xe090;||divi||400&#8243; icon_color=&#8220;#282828&#8243; _builder_version=&#8220;4.27.0&#8243; _module_preset=&#8220;e5fd030c-faf6-46d1-8682-cc8dd23c216e&#8220; header_font=&#8220;Noto Sans|600|||||||&#8220; header_text_color=&#8220;#282828&#8243; body_font=&#8220;Noto Sans|600|||||||&#8220; body_text_color=&#8220;#282828&#8243; body_link_text_color=&#8220;#282828&#8243; header_font_size_phone=&#8220;20px&#8220; body_font_size_phone=&#8220;16px&#8220; locked=&#8220;off&#8220; global_colors_info=&#8220;{%22gcid-650921a2-2eba-4283-a6e6-fb2ffa7ca9ad%22:%91%22icon_color%22%93,%22gcid-08cf39a0-13ea-4dd3-8e9f-f417cc84cbec%22:%91%22body_link_text_color%22%93}&#8220;]<\/p>\n<p><a data-dtype=\"d3ph\" data-local-attribute=\"d3ph\" jscontroller=\"LWZElb\" href=\"tel:01246291111\" jsdata=\"QKGTRc;_;ASSnmM\" jsaction=\"rcuQ6b:npT2md;F75qrd\" data-ved=\"2ahUKEwi5oZaBx96BAxV4SkEAHTm8DmgQkAgoAHoECEgQAw\"><span aria-label=\"Call phone number 01246 291111\">01246 291 111<\/span><\/a><\/p>\n<p>[\/et_pb_blurb][\/et_pb_column][et_pb_column type=&#8220;1_3&#8243; _builder_version=&#8220;4.22.0&#8243; _module_preset=&#8220;default&#8220; global_colors_info=&#8220;{}&#8220;][et_pb_blurb title=&#8220;E-Mail&#8220; use_icon=&#8220;on&#8220; font_icon=&#8220;&#xe076;||divi||400&#8243; icon_color=&#8220;#282828&#8243; _builder_version=&#8220;4.22.2&#8243; _module_preset=&#8220;e5fd030c-faf6-46d1-8682-cc8dd23c216e&#8220; header_font=&#8220;Noto Sans|600|||||||&#8220; header_text_color=&#8220;#282828&#8243; body_font=&#8220;Noto Sans|600|||||||&#8220; body_text_color=&#8220;#282828&#8243; body_link_text_color=&#8220;#282828&#8243; header_font_size_phone=&#8220;20px&#8220; body_font_size_phone=&#8220;16px&#8220; locked=&#8220;off&#8220; global_colors_info=&#8220;{%22gcid-650921a2-2eba-4283-a6e6-fb2ffa7ca9ad%22:%91%22icon_color%22,%22icon_color%22,%22icon_color%22%93,%22gcid-08cf39a0-13ea-4dd3-8e9f-f417cc84cbec%22:%91%22body_link_text_color%22,%22body_link_text_color%22,%22body_link_text_color%22%93}&#8220;]<\/p>\n<p><a href=\"mailto:sales@westspecialfasteners.co.uk\">sales@westspecialfasteners.co.uk<\/a><\/p>\n<p>[\/et_pb_blurb][\/et_pb_column][et_pb_column type=&#8220;1_3&#8243; _builder_version=&#8220;4.22.0&#8243; _module_preset=&#8220;default&#8220; global_colors_info=&#8220;{}&#8220;][et_pb_blurb title=&#8220;Standort&#8220; use_icon=&#8220;on&#8220; font_icon=&#8220;&#xf59f;||fa||900&#8243; icon_color=&#8220;#282828&#8243; _builder_version=&#8220;4.22.2&#8243; _module_preset=&#8220;e5fd030c-faf6-46d1-8682-cc8dd23c216e&#8220; header_font=&#8220;Noto Sans|600|||||||&#8220; header_text_color=&#8220;#282828&#8243; body_font=&#8220;Noto Sans|600|||||||&#8220; body_text_color=&#8220;#282828&#8243; body_link_text_color=&#8220;#282828&#8243; header_font_size_phone=&#8220;20px&#8220; body_font_size_phone=&#8220;16px&#8220; locked=&#8220;off&#8220; global_colors_info=&#8220;{%22gcid-650921a2-2eba-4283-a6e6-fb2ffa7ca9ad%22:%91%22icon_color%22,%22icon_color%22,%22icon_color%22%93,%22gcid-08cf39a0-13ea-4dd3-8e9f-f417cc84cbec%22:%91%22body_link_text_color%22,%22body_link_text_color%22,%22body_link_text_color%22%93}&#8220;]<\/p>\n<p><span>Callywhite Ln, <\/span><span>Dronfield, S18 2XR<br \/><\/span>\/\/\/blues.trains.soup<\/p>\n<p>[\/et_pb_blurb][\/et_pb_column][\/et_pb_row][et_pb_row _builder_version=&#8220;4.22.2&#8243; _module_preset=&#8220;default&#8220; width_tablet=&#8220;&#8220; width_phone=&#8220;90%&#8220; width_last_edited=&#8220;on|phone&#8220; max_width=&#8220;90%&#8220; custom_padding=&#8220;0px|||||&#8220; global_colors_info=&#8220;{}&#8220;][et_pb_column type=&#8220;4_4&#8243; _builder_version=&#8220;4.22.0&#8243; _module_preset=&#8220;default&#8220; global_colors_info=&#8220;{}&#8220;][et_pb_contact_form use_spam_service=&#8220;on&#8220; recaptcha_list=&#8220;West Special Fasteners|West Special Fasteners-0&#8243; email=&#8220;simon.gs@westspecialfasteners.co.uk, sales@westspecialfasteners.co.uk&#8220; custom_message=&#8220;Neue Nachricht vom Website-Kontaktformular:||et_pb_line_break_holder||||et_pb_line_break_holder||Name: %%Name%%||et_pb_line_break_holder||E-Mail-Adresse: %%Email%%||et_pb_line_break_holder||||et_pb_line_break_holder||Nachricht: %%Message%%&#8220; use_redirect=&#8220;on&#8220; _builder_version=&#8220;4.27.4&#8243; _module_preset=&#8220;ae00b055-5f62-4949-9605-ae9c23feefa6&#8243; form_field_focus_text_color=&#8220;#282828&#8243; form_field_font=&#8220;Noto Sans||||||||&#8220; button_text_size=&#8220;20px&#8220; button_text_color=&#8220;#ffffff&#8220; button_bg_color=&#8220;#1D869B&#8220; button_border_width=&#8220;2px&#8220; button_border_color=&#8220;#1D869B&#8220; button_border_radius=&#8220;5px&#8220; button_letter_spacing=&#8220;0em&#8220; button_font=&#8220;Noto Sans|600|||||||&#8220; button_icon=&#8220;&#x24;||divi||400&#8243; button_on_hover=&#8220;off&#8220; button_custom_padding=&#8220;10px||10px||true|true&#8220; hover_enabled=&#8220;0&#8243; locked=&#8220;off&#8220; global_colors_info=&#8220;{%22gcid-650921a2-2eba-4283-a6e6-fb2ffa7ca9ad%22:%91%22button_bg_color%22%93}&#8220; button_text_color__hover=&#8220;#1D869B&#8220; button_text_color__hover_enabled=&#8220;on|hover&#8220; button_bg_color__hover=&#8220;RGBA(255,255,255,0)&#8220; button_bg_color__hover_enabled=&#8220;on|hover&#8220; button_border_color__hover_enabled=&#8220;off|desktop&#8220; success_message=&#8220;&lt;p&gt;Vielen Dank! Unser Expertenteam wird sich so schnell wie m\u00f6glich mit Ihnen in Verbindung setzen. &lt;\/p&gt;&#8220; sticky_enabled=&#8220;0&#8243;][et_pb_contact_field field_id=&#8220;Name&#8220; field_title=&#8220;Name&#8220; fullwidth_field=&#8220;on&#8220; _builder_version=&#8220;4.22.2&#8243; _module_preset=&#8220;default&#8220; global_colors_info=&#8220;{}&#8220; button_text_size__hover_enabled=&#8220;off&#8220; button_one_text_size__hover_enabled=&#8220;off&#8220; button_two_text_size__hover_enabled=&#8220;off&#8220; button_text_color__hover_enabled=&#8220;off&#8220; button_one_text_color__hover_enabled=&#8220;off&#8220; button_two_text_color__hover_enabled=&#8220;off&#8220; button_border_width__hover_enabled=&#8220;off&#8220; button_one_border_width__hover_enabled=&#8220;off&#8220; button_two_border_width__hover_enabled=&#8220;off&#8220; button_border_color__hover_enabled=&#8220;off&#8220; button_one_border_color__hover_enabled=&#8220;off&#8220; button_two_border_color__hover_enabled=&#8220;off&#8220; button_border_radius__hover_enabled=&#8220;off&#8220; button_one_border_radius__hover_enabled=&#8220;off&#8220; button_two_border_radius__hover_enabled=&#8220;off&#8220; button_letter_spacing__hover_enabled=&#8220;off&#8220; button_one_letter_spacing__hover_enabled=&#8220;off&#8220; button_two_letter_spacing__hover_enabled=&#8220;off&#8220; button_bg_color__hover_enabled=&#8220;off&#8220; button_one_bg_color__hover_enabled=&#8220;off&#8220; button_two_bg_color__hover_enabled=&#8220;off&#8220;][\/et_pb_contact_field][et_pb_contact_field field_id=&#8220;Email&#8220; field_title=&#8220;E-Mail-Adresse&#8220; field_type=&#8220;email&#8220; fullwidth_field=&#8220;on&#8220; _builder_version=&#8220;4.16&#8243; _module_preset=&#8220;default&#8220; global_colors_info=&#8220;{}&#8220; button_text_size__hover_enabled=&#8220;off&#8220; button_one_text_size__hover_enabled=&#8220;off&#8220; button_two_text_size__hover_enabled=&#8220;off&#8220; button_text_color__hover_enabled=&#8220;off&#8220; button_one_text_color__hover_enabled=&#8220;off&#8220; button_two_text_color__hover_enabled=&#8220;off&#8220; button_border_width__hover_enabled=&#8220;off&#8220; button_one_border_width__hover_enabled=&#8220;off&#8220; button_two_border_width__hover_enabled=&#8220;off&#8220; button_border_color__hover_enabled=&#8220;off&#8220; button_one_border_color__hover_enabled=&#8220;off&#8220; button_two_border_color__hover_enabled=&#8220;off&#8220; button_border_radius__hover_enabled=&#8220;off&#8220; button_one_border_radius__hover_enabled=&#8220;off&#8220; button_two_border_radius__hover_enabled=&#8220;off&#8220; button_letter_spacing__hover_enabled=&#8220;off&#8220; button_one_letter_spacing__hover_enabled=&#8220;off&#8220; button_two_letter_spacing__hover_enabled=&#8220;off&#8220; button_bg_color__hover_enabled=&#8220;off&#8220; button_one_bg_color__hover_enabled=&#8220;off&#8220; button_two_bg_color__hover_enabled=&#8220;off&#8220;][\/et_pb_contact_field][et_pb_contact_field field_id=&#8220;Phone_number&#8220; field_title=&#8220;Telefonnummer&#8220; min_length=&#8220;11&#8243; max_length=&#8220;15&#8243; allowed_symbols=&#8220;numbers&#8220; required_mark=&#8220;off&#8220; fullwidth_field=&#8220;on&#8220; _builder_version=&#8220;4.27.0&#8243; _module_preset=&#8220;default&#8220; global_colors_info=&#8220;{}&#8220;][\/et_pb_contact_field][et_pb_contact_field field_id=&#8220;Message&#8220; field_title=&#8220;Nachricht&#8220; field_type=&#8220;text&#8220; fullwidth_field=&#8220;on&#8220; _builder_version=&#8220;4.16&#8243; _module_preset=&#8220;default&#8220; global_colors_info=&#8220;{}&#8220; button_text_size__hover_enabled=&#8220;off&#8220; button_one_text_size__hover_enabled=&#8220;off&#8220; button_two_text_size__hover_enabled=&#8220;off&#8220; button_text_color__hover_enabled=&#8220;off&#8220; button_one_text_color__hover_enabled=&#8220;off&#8220; button_two_text_color__hover_enabled=&#8220;off&#8220; button_border_width__hover_enabled=&#8220;off&#8220; button_one_border_width__hover_enabled=&#8220;off&#8220; button_two_border_width__hover_enabled=&#8220;off&#8220; button_border_color__hover_enabled=&#8220;off&#8220; button_one_border_color__hover_enabled=&#8220;off&#8220; button_two_border_color__hover_enabled=&#8220;off&#8220; button_border_radius__hover_enabled=&#8220;off&#8220; button_one_border_radius__hover_enabled=&#8220;off&#8220; button_two_border_radius__hover_enabled=&#8220;off&#8220; button_letter_spacing__hover_enabled=&#8220;off&#8220; button_one_letter_spacing__hover_enabled=&#8220;off&#8220; button_two_letter_spacing__hover_enabled=&#8220;off&#8220; button_bg_color__hover_enabled=&#8220;off&#8220; button_one_bg_color__hover_enabled=&#8220;off&#8220; button_two_bg_color__hover_enabled=&#8220;off&#8220;][\/et_pb_contact_field][\/et_pb_contact_form][\/et_pb_column][\/et_pb_row][et_pb_row _builder_version=&#8220;4.23&#8243; _module_preset=&#8220;default&#8220; width_tablet=&#8220;&#8220; width_phone=&#8220;90%&#8220; width_last_edited=&#8220;on|phone&#8220; max_width=&#8220;90%&#8220; custom_padding=&#8220;10%||5%||false|false&#8220; global_colors_info=&#8220;{}&#8220;][et_pb_column type=&#8220;4_4&#8243; _builder_version=&#8220;4.22.0&#8243; _module_preset=&#8220;default&#8220; global_colors_info=&#8220;{}&#8220;][et_pb_code _builder_version=&#8220;4.23&#8243; _module_preset=&#8220;default&#8220; global_colors_info=&#8220;{}&#8220;]<iframe data-src=\"https:\/\/www.google.com\/maps\/embed?pb=!1m18!1m12!1m3!1d2384.4870864624822!2d-1.4605808233077984!3d53.29872247227547!2m3!1f0!2f0!3f0!3m2!1i1024!2i768!4f13.1!3m3!1m2!1s0x48798363e13a235f%3A0x17f6b5e5c6490c4a!2sWest%20Special%20Fasteners%20Limited!5e0!3m2!1sen!2suk!4v1694167023692!5m2!1sen!2suk\" width=\"2000\" height=\"350\" style=\"border:0;\" allowfullscreen=\"\" referrerpolicy=\"no-referrer-when-downgrade\" src=\"data:image\/svg+xml;base64,PHN2ZyB3aWR0aD0iMSIgaGVpZ2h0PSIxIiB4bWxucz0iaHR0cDovL3d3dy53My5vcmcvMjAwMC9zdmciPjwvc3ZnPg==\" class=\"lazyload\" data-load-mode=\"1\"><\/iframe>[\/et_pb_code][\/et_pb_column][\/et_pb_row][\/et_pb_section]<\/p>\n","protected":false},"excerpt":{"rendered":"<p>Kontaktieren Sie unsKONTAKTIEREN SIE UNSSprechen Sie mit einem ExpertenOb Sie eine Frage haben, Kooperationsm\u00f6glichkeiten ausloten oder eine fachkundige Beratung ben\u00f6tigen, wir sind f\u00fcr Sie da.01246 291 111sales@westspecialfasteners.co.ukCallywhite Ln, Dronfield, S18 2XR\/\/\/blues.trains.soup<\/p>\n","protected":false},"author":1,"featured_media":0,"parent":0,"menu_order":0,"comment_status":"closed","ping_status":"closed","template":"","meta":{"_et_pb_use_builder":"on","_et_pb_old_content":"","_et_gb_content_width":"","footnotes":""},"class_list":["post-303990","page","type-page","status-publish","hentry"],"_links":{"self":[{"href":"https:\/\/www.westspecialfasteners.co.uk\/de\/wp-json\/wp\/v2\/pages\/303990","targetHints":{"allow":["GET"]}}],"collection":[{"href":"https:\/\/www.westspecialfasteners.co.uk\/de\/wp-json\/wp\/v2\/pages"}],"about":[{"href":"https:\/\/www.westspecialfasteners.co.uk\/de\/wp-json\/wp\/v2\/types\/page"}],"author":[{"embeddable":true,"href":"https:\/\/www.westspecialfasteners.co.uk\/de\/wp-json\/wp\/v2\/users\/1"}],"replies":[{"embeddable":true,"href":"https:\/\/www.westspecialfasteners.co.uk\/de\/wp-json\/wp\/v2\/comments?post=303990"}],"version-history":[{"count":2,"href":"https:\/\/www.westspecialfasteners.co.uk\/de\/wp-json\/wp\/v2\/pages\/303990\/revisions"}],"predecessor-version":[{"id":303994,"href":"https:\/\/www.westspecialfasteners.co.uk\/de\/wp-json\/wp\/v2\/pages\/303990\/revisions\/303994"}],"wp:attachment":[{"href":"https:\/\/www.westspecialfasteners.co.uk\/de\/wp-json\/wp\/v2\/media?parent=303990"}],"curies":[{"name":"wp","href":"https:\/\/api.w.org\/{rel}","templated":true}]}}